{"id":8,"date":"2018-05-23T08:15:40","date_gmt":"2018-05-23T08:15:40","guid":{"rendered":"http:\/\/aloisherdegen.de\/?page_id=8"},"modified":"2021-04-26T10:55:03","modified_gmt":"2021-04-26T08:55:03","slug":"bauspenglerei","status":"publish","type":"page","link":"https:\/\/aloisherdegen.de\/?page_id=8","title":{"rendered":"Bauspenglerei"},"content":{"rendered":"<div class=\"tinymcewysiwyg\">\n<h1>Unsere Bauspenglerei<\/h1>\n<\/div>\n<div class=\"tinymcewysiwyg\">\n<table border=\"0\">\n<tbody>\n<tr>\n<td valign=\"top\"><strong>Individuell geplant und f\u00fcr Sie gefertigt!<\/strong><\/p>\n<p>Wir planen und fertigen bedarfsgerecht nach Ihren Vorstellungen und W\u00fcnschen.<\/p>\n<p>&nbsp;<\/p>\n<p>Und auch ausgefallene Ideen und W\u00fcnsche k\u00f6nnen wir f\u00fcr Sie realisieren!<\/p>\n<p>Wir verwenden nur hochwertige Materialien und modernster Verarbeitungstechnik.<\/p>\n<p>&nbsp;<\/p>\n<p>Mit unserer ganzen &#8211; langj\u00e4hrigen &#8211; Erfahrung, setzen wir Ihre Ideen und W\u00fcnsche um.<\/p>\n<p>&nbsp;<\/p>\n<p>Mit viel handwerklichem Geschick und unserer fachlicher Kompetenz l\u00f6sen wir auch knifflige Details bei allen Bauten,\u00a0 Sanierungen oder Renovierungen.<\/p>\n<p>&nbsp;<\/p>\n<p>Eine termingerechte und einwandfreie Ausf\u00fchrung versteht sich bei Ihrer Firma Alois Herdegen von selbst.<\/p>\n<p><strong><br \/>\nUnsere Spengler-Leistungen:<\/strong><\/p>\n<p>&#8211; Spenglerarbeiten aller Art<\/p>\n<p>&#8211; Balkon- und Terrassenabdichtung<\/p>\n<p>&#8211; Fassadenverkleidungen<\/p>\n<p>&#8211; Dachwartungen<\/p>\n<p>&#8211; Taubenabwehr<\/p>\n<p>&#8211; Gauben- und Kaminverkleidungen<\/p>\n<p>&nbsp;<\/p>\n<p>Wir arbeiten mit den unterschiedlichsten Blechen wie Kupfer und Titanzink.<\/p>\n<p>Unsere Mitarbeiter erledigen selbstverst\u00e4ndlich auch alle notwendigen Wartungs- und Reparaturarbeiten.<\/p>\n<h2><img loading=\"lazy\" decoding=\"async\" src=\"http:\/\/alois-herdegen.de\/files\/prefa_firmenlogo.jpg\" ismap=\"ismap\" width=\"400\" height=\"89\" \/><\/h2>\n<p><strong>Sie haben Fragen zu unseren Arbeiten?<\/strong>\u00a0<strong>Dann rufen Sie uns ganz unverbindlich an.<\/strong><\/p>\n<h2><strong>Wir beraten Sie gerne.<\/strong><\/h2>\n<\/td>\n<td><\/td>\n<td valign=\"top\"><img loading=\"lazy\" decoding=\"async\" src=\"http:\/\/alois-herdegen.de\/files\/spenglerei2.jpg\" ismap=\"ismap\" width=\"424\" height=\"283\" \/><\/p>\n<p>&nbsp;<\/p>\n<p><img loading=\"lazy\" decoding=\"async\" src=\"http:\/\/alois-herdegen.de\/files\/spenglerei3.jpg\" ismap=\"ismap\" width=\"424\" height=\"283\" \/><\/p>\n<p>&nbsp;<\/p>\n<pre><img loading=\"lazy\" decoding=\"async\" src=\"http:\/\/alois-herdegen.de\/files\/prefa_wangen_adlerquartier_b512913176_f3cfdd4b00.jpg\" ismap=\"ismap\" width=\"424\" height=\"332\" \/>\r\nQuelle: www.prefa.de<\/pre>\n<\/td>\n<\/tr>\n<\/tbody>\n<\/table>\n<\/div>\n","protected":false},"excerpt":{"rendered":"<p>Alois Herdegen GmbH Winklarn &#8211; Sanit\u00e4rtechnik, Heizungstechnik, Bauspenglerei<\/p>\n","protected":false},"author":1,"featured_media":0,"parent":0,"menu_order":0,"comment_status":"closed","ping_status":"closed","template":"","meta":{"footnotes":""},"class_list":["post-8","page","type-page","status-publish","hentry"],"yoast_head":"<!-- This site is optimized with the Yoast SEO plugin v20.7 - https:\/\/yoast.com\/wordpress\/plugins\/seo\/ -->\n<title>Bauspenglerei - Alois Herdegen GmbH<\/title>\n<meta name=\"robots\" content=\"index, follow, max-snippet:-1, max-image-preview:large, max-video-preview:-1\" \/>\n<link rel=\"canonical\" href=\"https:\/\/aloisherdegen.de\/?page_id=8\" \/>\n<meta property=\"og:locale\" content=\"de_DE\" \/>\n<meta property=\"og:type\" content=\"article\" \/>\n<meta property=\"og:title\" content=\"Bauspenglerei - Alois Herdegen GmbH\" \/>\n<meta property=\"og:description\" content=\"Alois Herdegen GmbH Winklarn - Sanit\u00e4rtechnik, Heizungstechnik, Bauspenglerei\" \/>\n<meta property=\"og:url\" content=\"https:\/\/aloisherdegen.de\/?page_id=8\" \/>\n<meta property=\"og:site_name\" content=\"Alois Herdegen GmbH\" \/>\n<meta property=\"article:modified_time\" content=\"2021-04-26T08:55:03+00:00\" \/>\n<meta property=\"og:image\" content=\"http:\/\/alois-herdegen.de\/files\/prefa_firmenlogo.jpg\" \/>\n<meta name=\"twitter:card\" content=\"summary_large_image\" \/>\n<meta name=\"twitter:label1\" content=\"Gesch\u00e4tzte Lesezeit\" \/>\n\t<meta name=\"twitter:data1\" content=\"1\u00a0Minute\" \/>\n<script type=\"application\/ld+json\" class=\"yoast-schema-graph\">{\"@context\":\"https:\/\/schema.org\",\"@graph\":[{\"@type\":\"WebPage\",\"@id\":\"https:\/\/aloisherdegen.de\/?page_id=8\",\"url\":\"https:\/\/aloisherdegen.de\/?page_id=8\",\"name\":\"Bauspenglerei - Alois Herdegen GmbH\",\"isPartOf\":{\"@id\":\"https:\/\/aloisherdegen.de\/#website\"},\"datePublished\":\"2018-05-23T08:15:40+00:00\",\"dateModified\":\"2021-04-26T08:55:03+00:00\",\"breadcrumb\":{\"@id\":\"https:\/\/aloisherdegen.de\/?page_id=8#breadcrumb\"},\"inLanguage\":\"de\",\"potentialAction\":[{\"@type\":\"ReadAction\",\"target\":[\"https:\/\/aloisherdegen.de\/?page_id=8\"]}]},{\"@type\":\"BreadcrumbList\",\"@id\":\"https:\/\/aloisherdegen.de\/?page_id=8#breadcrumb\",\"itemListElement\":[{\"@type\":\"ListItem\",\"position\":1,\"name\":\"Startseite\",\"item\":\"https:\/\/aloisherdegen.de\/\"},{\"@type\":\"ListItem\",\"position\":2,\"name\":\"Bauspenglerei\"}]},{\"@type\":\"WebSite\",\"@id\":\"https:\/\/aloisherdegen.de\/#website\",\"url\":\"https:\/\/aloisherdegen.de\/\",\"name\":\"Alois Herdegen GmbH\",\"description\":\"Ihr Fachbetrieb in Winklarn\",\"publisher\":{\"@id\":\"https:\/\/aloisherdegen.de\/#organization\"},\"potentialAction\":[{\"@type\":\"SearchAction\",\"target\":{\"@type\":\"EntryPoint\",\"urlTemplate\":\"https:\/\/aloisherdegen.de\/?s={search_term_string}\"},\"query-input\":\"required name=search_term_string\"}],\"inLanguage\":\"de\"},{\"@type\":\"Organization\",\"@id\":\"https:\/\/aloisherdegen.de\/#organization\",\"name\":\"Alois Herdegen\",\"url\":\"https:\/\/aloisherdegen.de\/\",\"logo\":{\"@type\":\"ImageObject\",\"inLanguage\":\"de\",\"@id\":\"https:\/\/aloisherdegen.de\/#\/schema\/logo\/image\/\",\"url\":\"http:\/\/aloisherdegen.de\/wp-content\/uploads\/2018\/09\/logo_unten2.png\",\"contentUrl\":\"http:\/\/aloisherdegen.de\/wp-content\/uploads\/2018\/09\/logo_unten2.png\",\"width\":1951,\"height\":643,\"caption\":\"Alois Herdegen\"},\"image\":{\"@id\":\"https:\/\/aloisherdegen.de\/#\/schema\/logo\/image\/\"}}]}<\/script>\n<!-- \/ Yoast SEO plugin. -->","yoast_head_json":{"title":"Bauspenglerei - Alois Herdegen GmbH","robots":{"index":"index","follow":"follow","max-snippet":"max-snippet:-1","max-image-preview":"max-image-preview:large","max-video-preview":"max-video-preview:-1"},"canonical":"https:\/\/aloisherdegen.de\/?page_id=8","og_locale":"de_DE","og_type":"article","og_title":"Bauspenglerei - Alois Herdegen GmbH","og_description":"Alois Herdegen GmbH Winklarn - Sanit\u00e4rtechnik, Heizungstechnik, Bauspenglerei","og_url":"https:\/\/aloisherdegen.de\/?page_id=8","og_site_name":"Alois Herdegen GmbH","article_modified_time":"2021-04-26T08:55:03+00:00","og_image":[{"url":"http:\/\/alois-herdegen.de\/files\/prefa_firmenlogo.jpg"}],"twitter_card":"summary_large_image","twitter_misc":{"Gesch\u00e4tzte Lesezeit":"1\u00a0Minute"},"schema":{"@context":"https:\/\/schema.org","@graph":[{"@type":"WebPage","@id":"https:\/\/aloisherdegen.de\/?page_id=8","url":"https:\/\/aloisherdegen.de\/?page_id=8","name":"Bauspenglerei - Alois Herdegen GmbH","isPartOf":{"@id":"https:\/\/aloisherdegen.de\/#website"},"datePublished":"2018-05-23T08:15:40+00:00","dateModified":"2021-04-26T08:55:03+00:00","breadcrumb":{"@id":"https:\/\/aloisherdegen.de\/?page_id=8#breadcrumb"},"inLanguage":"de","potentialAction":[{"@type":"ReadAction","target":["https:\/\/aloisherdegen.de\/?page_id=8"]}]},{"@type":"BreadcrumbList","@id":"https:\/\/aloisherdegen.de\/?page_id=8#breadcrumb","itemListElement":[{"@type":"ListItem","position":1,"name":"Startseite","item":"https:\/\/aloisherdegen.de\/"},{"@type":"ListItem","position":2,"name":"Bauspenglerei"}]},{"@type":"WebSite","@id":"https:\/\/aloisherdegen.de\/#website","url":"https:\/\/aloisherdegen.de\/","name":"Alois Herdegen GmbH","description":"Ihr Fachbetrieb in Winklarn","publisher":{"@id":"https:\/\/aloisherdegen.de\/#organization"},"potentialAction":[{"@type":"SearchAction","target":{"@type":"EntryPoint","urlTemplate":"https:\/\/aloisherdegen.de\/?s={search_term_string}"},"query-input":"required name=search_term_string"}],"inLanguage":"de"},{"@type":"Organization","@id":"https:\/\/aloisherdegen.de\/#organization","name":"Alois Herdegen","url":"https:\/\/aloisherdegen.de\/","logo":{"@type":"ImageObject","inLanguage":"de","@id":"https:\/\/aloisherdegen.de\/#\/schema\/logo\/image\/","url":"http:\/\/aloisherdegen.de\/wp-content\/uploads\/2018\/09\/logo_unten2.png","contentUrl":"http:\/\/aloisherdegen.de\/wp-content\/uploads\/2018\/09\/logo_unten2.png","width":1951,"height":643,"caption":"Alois Herdegen"},"image":{"@id":"https:\/\/aloisherdegen.de\/#\/schema\/logo\/image\/"}}]}},"_links":{"self":[{"href":"https:\/\/aloisherdegen.de\/index.php?rest_route=\/wp\/v2\/pages\/8","targetHints":{"allow":["GET"]}}],"collection":[{"href":"https:\/\/aloisherdegen.de\/index.php?rest_route=\/wp\/v2\/pages"}],"about":[{"href":"https:\/\/aloisherdegen.de\/index.php?rest_route=\/wp\/v2\/types\/page"}],"author":[{"embeddable":true,"href":"https:\/\/aloisherdegen.de\/index.php?rest_route=\/wp\/v2\/users\/1"}],"replies":[{"embeddable":true,"href":"https:\/\/aloisherdegen.de\/index.php?rest_route=%2Fwp%2Fv2%2Fcomments&post=8"}],"version-history":[{"count":4,"href":"https:\/\/aloisherdegen.de\/index.php?rest_route=\/wp\/v2\/pages\/8\/revisions"}],"predecessor-version":[{"id":3363,"href":"https:\/\/aloisherdegen.de\/index.php?rest_route=\/wp\/v2\/pages\/8\/revisions\/3363"}],"wp:attachment":[{"href":"https:\/\/aloisherdegen.de\/index.php?rest_route=%2Fwp%2Fv2%2Fmedia&parent=8"}],"curies":[{"name":"wp","href":"https:\/\/api.w.org\/{rel}","templated":true}]}}