{"id":12,"date":"2018-05-23T08:15:49","date_gmt":"2018-05-23T08:15:49","guid":{"rendered":"http:\/\/aloisherdegen.de\/?page_id=12"},"modified":"2021-08-26T14:08:34","modified_gmt":"2021-08-26T12:08:34","slug":"heizungstechnik","status":"publish","type":"page","link":"https:\/\/aloisherdegen.de\/?page_id=12","title":{"rendered":"Heizungstechnik"},"content":{"rendered":"<div class=\"tinymcewysiwyg\">\n<h1>Heizungstechnik<\/h1>\n<\/div>\n<div class=\"tinymcewysiwyg\">\n<p>In Zeiten von st\u00e4ndig steigenden Energiekosten bekommt eine moderne effektive Heiztechnik eine ganz neue Bedeutung.<\/p>\n<p>\u2022 Welches System ist energiesparend und wirtschaftlich?<\/p>\n<p>\u2022 Welches System leistet einen Beitrag zum Umweltschutz?<\/p>\n<p>\u2022 Wie arbeiten und funktionieren die unterschiedlichen Systeme?<\/p>\n<p>\u2022 Gibt es F\u00f6rdermittel?<\/p>\n<p>&nbsp;<\/p>\n<p>Gerne besprechen wir mit Ihnen die einzelnen M\u00f6glichkeiten. Wir erarbeiten zusammen mit Ihnen eine passende L\u00f6sung.<\/p>\n<p>Ob \u00d6l, Gas, Holz-Pellets, Hackschnitzel, Scheitholzfeuerung oder W\u00e4rmepumpen &#8211; Sie sollten die Merkmale der einzelnen Systeme kennenlernen at <a href=\"https:\/\/www.collectiveray.com\/reseller-hosting-business\">https:\/\/www.collectiveray.com<\/a>.<\/p>\n<h2>Mit unserer Erfahrung in der Heiztechnik sparen Sie langfristig viel Geld.<\/h2>\n<p>&nbsp;<\/p>\n<hr \/>\n<h1>Unsere Leistungen<\/h1>\n<p>&nbsp;<\/p>\n<table border=\"0\">\n<tbody>\n<tr>\n<td><img loading=\"lazy\" decoding=\"async\" src=\"http:\/\/alois-herdegen.de\/files\/spacer20.jpg\" ismap=\"ismap\" width=\"10\" height=\"20\" \/><\/td>\n<td>\n<h1>\u00d6L &#8211; Heizung<\/h1>\n<\/td>\n<td><img loading=\"lazy\" decoding=\"async\" src=\"http:\/\/alois-herdegen.de\/files\/spacer20.jpg\" ismap=\"ismap\" width=\"10\" height=\"20\" \/><\/td>\n<td>\n<h1>Erdgas Heizung<\/h1>\n<\/td>\n<td><img loading=\"lazy\" decoding=\"async\" src=\"http:\/\/alois-herdegen.de\/files\/spacer20.jpg\" ismap=\"ismap\" width=\"10\" height=\"20\" \/><\/td>\n<td>\n<h1>Holz- und Pelettsheizung<\/h1>\n<\/td>\n<td><\/td>\n<\/tr>\n<tr>\n<td><\/td>\n<td><\/td>\n<td><\/td>\n<td><\/td>\n<td><\/td>\n<td><\/td>\n<td><\/td>\n<\/tr>\n<tr>\n<td><\/td>\n<td><img loading=\"lazy\" decoding=\"async\" src=\"http:\/\/alois-herdegen.de\/files\/heizung2.jpg\" ismap=\"ismap\" width=\"380\" height=\"190\" \/><\/td>\n<td><\/td>\n<td><img loading=\"lazy\" decoding=\"async\" src=\"http:\/\/alois-herdegen.de\/files\/heizung5.jpg\" ismap=\"ismap\" width=\"380\" height=\"190\" \/><\/td>\n<td><\/td>\n<td><img loading=\"lazy\" decoding=\"async\" src=\"http:\/\/alois-herdegen.de\/files\/heizung1.jpg\" ismap=\"ismap\" width=\"380\" height=\"190\" \/><\/td>\n<td><\/td>\n<\/tr>\n<tr>\n<td><\/td>\n<td><\/td>\n<td><\/td>\n<td><\/td>\n<td><\/td>\n<td><\/td>\n<td><\/td>\n<\/tr>\n<tr>\n<td><\/td>\n<td valign=\"top\"><strong>Sparen Sie Energie mit \u00d6l-Brennwerttechnik<\/strong><\/p>\n<p>&nbsp;<\/p>\n<p>Durch effiziente Heiztechnik geben Sie die richtige Antwort auf die steigenden Energiepreise.<\/p>\n<p>&nbsp;<\/p>\n<p>Die \u00d6l-Brennwerttechnik ist unter Kosten-Nutzen-Aspekt im Geb\u00e4udebestand sowie im Neubau eine sehr interessante Energiesparinvestition.<\/td>\n<td><\/td>\n<td><strong>Heizen Sie mit der umweltschonenden Energie<br \/>\n<\/strong>Erdgasheizungen verbinden Wirtschaftlichkeit, Komfort und Umweltschutz.<\/p>\n<p>&nbsp;<\/p>\n<p>Vieles spricht f\u00fcr eine Umstellung auf diese zukunftsgerichtete Technologie. Gerade mit der Erdgas-Brennwerttechnik \u2013 auch in Kombination mit einer Solaranlage \u2013 k\u00f6nnen Sie Heizkosten sparen.<\/td>\n<td><\/td>\n<td valign=\"top\"><strong>Nutzen auch Sie die Sch\u00e4tze unserer Natur<\/strong><\/p>\n<p>&nbsp;<\/p>\n<p>Holzheizungen sorgen f\u00fcr Atmosph\u00e4re und f\u00fcr ein Maximum an Gem\u00fctlichkeit in Ihrem Wohnzimmer.<\/p>\n<p>&nbsp;<\/p>\n<p>Sie zeichnen sich durch eine bew\u00e4hrt hohe Qualit\u00e4t und gro\u00dfe Sicherheit aus. Dabei ist es egal, ob Sie mit Festholz oder Pellets heizen.<\/td>\n<td><\/td>\n<\/tr>\n<tr>\n<td><\/td>\n<td><\/td>\n<td><\/td>\n<td><\/td>\n<td><\/td>\n<td><\/td>\n<td><\/td>\n<\/tr>\n<tr>\n<td><\/td>\n<td><\/td>\n<td><\/td>\n<td><\/td>\n<td><\/td>\n<td><\/td>\n<td><\/td>\n<\/tr>\n<tr>\n<td><\/td>\n<td>\u00a0<img loading=\"lazy\" decoding=\"async\" class=\"alignnone\" src=\"http:\/\/alois-herdegen.de\/files\/logo5_web.jpg\" ismap=\"ismap\" width=\"215\" height=\"67\" \/><\/td>\n<td><\/td>\n<td>&nbsp;<\/p>\n<p><img loading=\"lazy\" decoding=\"async\" class=\"alignleft\" src=\"http:\/\/alois-herdegen.de\/files\/logo5_web.jpg\" ismap=\"ismap\" width=\"215\" height=\"67\" \/><\/td>\n<td><\/td>\n<td>\u00a0<img loading=\"lazy\" decoding=\"async\" src=\"http:\/\/alois-herdegen.de\/files\/logo2_web.jpg\" ismap=\"ismap\" width=\"193\" height=\"67\" \/><\/td>\n<td><\/td>\n<\/tr>\n<\/tbody>\n<\/table>\n<p>&nbsp;<\/p>\n<table border=\"0\">\n<tbody>\n<tr>\n<td><img loading=\"lazy\" decoding=\"async\" src=\"http:\/\/alois-herdegen.de\/files\/spacer20.jpg\" ismap=\"ismap\" width=\"10\" height=\"20\" \/><\/td>\n<td>\n<h1>W\u00e4rmepumpe<\/h1>\n<\/td>\n<td><img loading=\"lazy\" decoding=\"async\" src=\"http:\/\/alois-herdegen.de\/files\/spacer20.jpg\" ismap=\"ismap\" width=\"10\" height=\"20\" \/><\/td>\n<td>\n<h1>L\u00fcftungstechnik<\/h1>\n<\/td>\n<td><img loading=\"lazy\" decoding=\"async\" src=\"http:\/\/alois-herdegen.de\/files\/spacer20.jpg\" ismap=\"ismap\" width=\"10\" height=\"20\" \/><\/td>\n<td>\n<h1>Solarheizung<\/h1>\n<\/td>\n<td><\/td>\n<\/tr>\n<tr>\n<td><\/td>\n<td><\/td>\n<td><\/td>\n<td><\/td>\n<td><\/td>\n<td><\/td>\n<td><\/td>\n<\/tr>\n<tr>\n<td><\/td>\n<td><img loading=\"lazy\" decoding=\"async\" src=\"http:\/\/alois-herdegen.de\/files\/waerme.jpg\" ismap=\"ismap\" width=\"380\" height=\"190\" \/><\/td>\n<td><\/td>\n<td><img loading=\"lazy\" decoding=\"async\" src=\"http:\/\/alois-herdegen.de\/files\/lueftung.jpg\" ismap=\"ismap\" width=\"380\" height=\"190\" \/><\/td>\n<td><\/td>\n<td><img loading=\"lazy\" decoding=\"async\" src=\"http:\/\/alois-herdegen.de\/files\/solar1.jpg\" ismap=\"ismap\" width=\"380\" height=\"190\" \/><\/td>\n<td><\/td>\n<\/tr>\n<tr>\n<td><\/td>\n<td><\/td>\n<td><\/td>\n<td><\/td>\n<td><\/td>\n<td><\/td>\n<td><\/td>\n<\/tr>\n<tr>\n<td><\/td>\n<td valign=\"top\"><strong>Ein unabh\u00e4ngiges Heizsystem der Zukunft<\/strong><\/p>\n<p>Eine W\u00e4rmepumpe nutzt elektrisch betriebene Kompressoren, um Energie zu verdichten und auf einem h\u00f6heren Niveau nutzbar zu machen.<\/p>\n<p>&nbsp;<\/p>\n<p>Jeder K\u00fchlschrank funktioniert nach dem gleichen System. Der Kompressor hinter dem K\u00fchlschrank produziert K\u00e4lte, indem er dem K\u00fchlschrankinhalt W\u00e4rme entzieht und diese an die Umgebungsluft des Aufstellungsraums abgibt.<\/td>\n<td><\/td>\n<td valign=\"top\"><strong>Optimales Raumklima durch Raumlufttechnik<\/strong><\/p>\n<p>Im Bereich der Raumlufttechnik sorgt wir f\u00fcr ein optimales Wohn- und Arbeitsklima.<\/p>\n<p>Die Raumlufttechnik beeinflusst die Klimabedingungen so, dass sie f\u00fcr jeden Mensch optimal sind.<\/p>\n<p>Durch eine optimierte W\u00e4rme- und Feuchtigkeitsregelung bleibt die Luftqualit\u00e4t konstant hoch und sorgt so f\u00fcr ein angenehmes Klima im Raum.<\/td>\n<td><\/td>\n<td valign=\"top\"><strong>Holen Sie sich die Energie vom Himmel.\u00a0\u00a0<\/strong><br \/>\n<strong>\u00a0<\/strong>Solarenergie ist kostenlos.Und effektiv \u2013 auch in unseren Breiten.<\/p>\n<p>&nbsp;<\/p>\n<p>Vorausgesetzt, man besitzt ein Solarsystem mit hocheffizienten Kollektoren und abgestimmten Systemkomponenten. Sonnige Zeiten f\u00fcr den Geldbeutel versprechen \u00fcberdies verschiedene F\u00f6rderprogramme.<\/td>\n<td><\/td>\n<\/tr>\n<tr>\n<td><\/td>\n<td><\/td>\n<td><\/td>\n<td><img loading=\"lazy\" decoding=\"async\" src=\"http:\/\/alois-herdegen.de\/files\/logo7_web.jpg\" ismap=\"ismap\" width=\"227\" height=\"77\" \/><\/td>\n<td><\/td>\n<td><img loading=\"lazy\" decoding=\"async\" src=\"http:\/\/alois-herdegen.de\/files\/iff-logo2012.png\" ismap=\"ismap\" width=\"175\" height=\"100\" \/><\/td>\n<\/tr>\n<\/tbody>\n<\/table>\n<\/div>\n","protected":false},"excerpt":{"rendered":"<p>Heizungstechnik In Zeiten von st\u00e4ndig steigenden Energiekosten bekommt eine moderne effektive Heiztechnik eine ganz neue Bedeutung. \u2022 Welches System ist energiesparend und wirtschaftlich? \u2022 Welches System leistet einen Beitrag zum Umweltschutz? \u2022 Wie arbeiten und funktionieren die unterschiedlichen Systeme? \u2022 Gibt es F\u00f6rdermittel? &nbsp; Gerne besprechen wir mit Ihnen die einzelnen M\u00f6glichkeiten. Wir erarbeiten zusammen [&hellip;]<\/p>\n","protected":false},"author":1,"featured_media":0,"parent":0,"menu_order":0,"comment_status":"closed","ping_status":"closed","template":"","meta":{"footnotes":""},"class_list":["post-12","page","type-page","status-publish","hentry"],"yoast_head":"<!-- This site is optimized with the Yoast SEO plugin v20.7 - https:\/\/yoast.com\/wordpress\/plugins\/seo\/ -->\n<title>Heizungstechnik - Alois Herdegen GmbH<\/title>\n<meta name=\"robots\" content=\"index, follow, max-snippet:-1, max-image-preview:large, max-video-preview:-1\" \/>\n<link rel=\"canonical\" href=\"https:\/\/aloisherdegen.de\/?page_id=12\" \/>\n<meta property=\"og:locale\" content=\"de_DE\" \/>\n<meta property=\"og:type\" content=\"article\" \/>\n<meta property=\"og:title\" content=\"Heizungstechnik - Alois Herdegen GmbH\" \/>\n<meta property=\"og:description\" content=\"Heizungstechnik In Zeiten von st\u00e4ndig steigenden Energiekosten bekommt eine moderne effektive Heiztechnik eine ganz neue Bedeutung. \u2022 Welches System ist energiesparend und wirtschaftlich? \u2022 Welches System leistet einen Beitrag zum Umweltschutz? \u2022 Wie arbeiten und funktionieren die unterschiedlichen Systeme? \u2022 Gibt es F\u00f6rdermittel? &nbsp; Gerne besprechen wir mit Ihnen die einzelnen M\u00f6glichkeiten. Wir erarbeiten zusammen [&hellip;]\" \/>\n<meta property=\"og:url\" content=\"https:\/\/aloisherdegen.de\/?page_id=12\" \/>\n<meta property=\"og:site_name\" content=\"Alois Herdegen GmbH\" \/>\n<meta property=\"article:modified_time\" content=\"2021-08-26T12:08:34+00:00\" \/>\n<meta property=\"og:image\" content=\"http:\/\/alois-herdegen.de\/files\/spacer20.jpg\" \/>\n<meta name=\"twitter:card\" content=\"summary_large_image\" \/>\n<meta name=\"twitter:label1\" content=\"Gesch\u00e4tzte Lesezeit\" \/>\n\t<meta name=\"twitter:data1\" content=\"2\u00a0Minuten\" \/>\n<script type=\"application\/ld+json\" class=\"yoast-schema-graph\">{\"@context\":\"https:\/\/schema.org\",\"@graph\":[{\"@type\":\"WebPage\",\"@id\":\"https:\/\/aloisherdegen.de\/?page_id=12\",\"url\":\"https:\/\/aloisherdegen.de\/?page_id=12\",\"name\":\"Heizungstechnik - Alois Herdegen GmbH\",\"isPartOf\":{\"@id\":\"https:\/\/aloisherdegen.de\/#website\"},\"datePublished\":\"2018-05-23T08:15:49+00:00\",\"dateModified\":\"2021-08-26T12:08:34+00:00\",\"breadcrumb\":{\"@id\":\"https:\/\/aloisherdegen.de\/?page_id=12#breadcrumb\"},\"inLanguage\":\"de\",\"potentialAction\":[{\"@type\":\"ReadAction\",\"target\":[\"https:\/\/aloisherdegen.de\/?page_id=12\"]}]},{\"@type\":\"BreadcrumbList\",\"@id\":\"https:\/\/aloisherdegen.de\/?page_id=12#breadcrumb\",\"itemListElement\":[{\"@type\":\"ListItem\",\"position\":1,\"name\":\"Startseite\",\"item\":\"https:\/\/aloisherdegen.de\/\"},{\"@type\":\"ListItem\",\"position\":2,\"name\":\"Heizungstechnik\"}]},{\"@type\":\"WebSite\",\"@id\":\"https:\/\/aloisherdegen.de\/#website\",\"url\":\"https:\/\/aloisherdegen.de\/\",\"name\":\"Alois Herdegen GmbH\",\"description\":\"Ihr Fachbetrieb in Winklarn\",\"publisher\":{\"@id\":\"https:\/\/aloisherdegen.de\/#organization\"},\"potentialAction\":[{\"@type\":\"SearchAction\",\"target\":{\"@type\":\"EntryPoint\",\"urlTemplate\":\"https:\/\/aloisherdegen.de\/?s={search_term_string}\"},\"query-input\":\"required name=search_term_string\"}],\"inLanguage\":\"de\"},{\"@type\":\"Organization\",\"@id\":\"https:\/\/aloisherdegen.de\/#organization\",\"name\":\"Alois Herdegen\",\"url\":\"https:\/\/aloisherdegen.de\/\",\"logo\":{\"@type\":\"ImageObject\",\"inLanguage\":\"de\",\"@id\":\"https:\/\/aloisherdegen.de\/#\/schema\/logo\/image\/\",\"url\":\"http:\/\/aloisherdegen.de\/wp-content\/uploads\/2018\/09\/logo_unten2.png\",\"contentUrl\":\"http:\/\/aloisherdegen.de\/wp-content\/uploads\/2018\/09\/logo_unten2.png\",\"width\":1951,\"height\":643,\"caption\":\"Alois Herdegen\"},\"image\":{\"@id\":\"https:\/\/aloisherdegen.de\/#\/schema\/logo\/image\/\"}}]}<\/script>\n<!-- \/ Yoast SEO plugin. -->","yoast_head_json":{"title":"Heizungstechnik - Alois Herdegen GmbH","robots":{"index":"index","follow":"follow","max-snippet":"max-snippet:-1","max-image-preview":"max-image-preview:large","max-video-preview":"max-video-preview:-1"},"canonical":"https:\/\/aloisherdegen.de\/?page_id=12","og_locale":"de_DE","og_type":"article","og_title":"Heizungstechnik - Alois Herdegen GmbH","og_description":"Heizungstechnik In Zeiten von st\u00e4ndig steigenden Energiekosten bekommt eine moderne effektive Heiztechnik eine ganz neue Bedeutung. \u2022 Welches System ist energiesparend und wirtschaftlich? \u2022 Welches System leistet einen Beitrag zum Umweltschutz? \u2022 Wie arbeiten und funktionieren die unterschiedlichen Systeme? \u2022 Gibt es F\u00f6rdermittel? &nbsp; Gerne besprechen wir mit Ihnen die einzelnen M\u00f6glichkeiten. Wir erarbeiten zusammen [&hellip;]","og_url":"https:\/\/aloisherdegen.de\/?page_id=12","og_site_name":"Alois Herdegen GmbH","article_modified_time":"2021-08-26T12:08:34+00:00","og_image":[{"url":"http:\/\/alois-herdegen.de\/files\/spacer20.jpg"}],"twitter_card":"summary_large_image","twitter_misc":{"Gesch\u00e4tzte Lesezeit":"2\u00a0Minuten"},"schema":{"@context":"https:\/\/schema.org","@graph":[{"@type":"WebPage","@id":"https:\/\/aloisherdegen.de\/?page_id=12","url":"https:\/\/aloisherdegen.de\/?page_id=12","name":"Heizungstechnik - Alois Herdegen GmbH","isPartOf":{"@id":"https:\/\/aloisherdegen.de\/#website"},"datePublished":"2018-05-23T08:15:49+00:00","dateModified":"2021-08-26T12:08:34+00:00","breadcrumb":{"@id":"https:\/\/aloisherdegen.de\/?page_id=12#breadcrumb"},"inLanguage":"de","potentialAction":[{"@type":"ReadAction","target":["https:\/\/aloisherdegen.de\/?page_id=12"]}]},{"@type":"BreadcrumbList","@id":"https:\/\/aloisherdegen.de\/?page_id=12#breadcrumb","itemListElement":[{"@type":"ListItem","position":1,"name":"Startseite","item":"https:\/\/aloisherdegen.de\/"},{"@type":"ListItem","position":2,"name":"Heizungstechnik"}]},{"@type":"WebSite","@id":"https:\/\/aloisherdegen.de\/#website","url":"https:\/\/aloisherdegen.de\/","name":"Alois Herdegen GmbH","description":"Ihr Fachbetrieb in Winklarn","publisher":{"@id":"https:\/\/aloisherdegen.de\/#organization"},"potentialAction":[{"@type":"SearchAction","target":{"@type":"EntryPoint","urlTemplate":"https:\/\/aloisherdegen.de\/?s={search_term_string}"},"query-input":"required name=search_term_string"}],"inLanguage":"de"},{"@type":"Organization","@id":"https:\/\/aloisherdegen.de\/#organization","name":"Alois Herdegen","url":"https:\/\/aloisherdegen.de\/","logo":{"@type":"ImageObject","inLanguage":"de","@id":"https:\/\/aloisherdegen.de\/#\/schema\/logo\/image\/","url":"http:\/\/aloisherdegen.de\/wp-content\/uploads\/2018\/09\/logo_unten2.png","contentUrl":"http:\/\/aloisherdegen.de\/wp-content\/uploads\/2018\/09\/logo_unten2.png","width":1951,"height":643,"caption":"Alois Herdegen"},"image":{"@id":"https:\/\/aloisherdegen.de\/#\/schema\/logo\/image\/"}}]}},"_links":{"self":[{"href":"https:\/\/aloisherdegen.de\/index.php?rest_route=\/wp\/v2\/pages\/12","targetHints":{"allow":["GET"]}}],"collection":[{"href":"https:\/\/aloisherdegen.de\/index.php?rest_route=\/wp\/v2\/pages"}],"about":[{"href":"https:\/\/aloisherdegen.de\/index.php?rest_route=\/wp\/v2\/types\/page"}],"author":[{"embeddable":true,"href":"https:\/\/aloisherdegen.de\/index.php?rest_route=\/wp\/v2\/users\/1"}],"replies":[{"embeddable":true,"href":"https:\/\/aloisherdegen.de\/index.php?rest_route=%2Fwp%2Fv2%2Fcomments&post=12"}],"version-history":[{"count":6,"href":"https:\/\/aloisherdegen.de\/index.php?rest_route=\/wp\/v2\/pages\/12\/revisions"}],"predecessor-version":[{"id":3371,"href":"https:\/\/aloisherdegen.de\/index.php?rest_route=\/wp\/v2\/pages\/12\/revisions\/3371"}],"wp:attachment":[{"href":"https:\/\/aloisherdegen.de\/index.php?rest_route=%2Fwp%2Fv2%2Fmedia&parent=12"}],"curies":[{"name":"wp","href":"https:\/\/api.w.org\/{rel}","templated":true}]}}